{"id":955,"date":"2022-06-16T20:37:49","date_gmt":"2022-06-16T20:37:49","guid":{"rendered":"https:\/\/www.sadikogluastana.com\/?page_id=955"},"modified":"2022-06-25T08:08:55","modified_gmt":"2022-06-25T08:08:55","slug":"about-us","status":"publish","type":"page","link":"https:\/\/www.sadikogluastana.com\/en\/about-us\/","title":{"rendered":"About us"},"content":{"rendered":"\n\t<div id=\"gap-613716769\" class=\"gap-element clearfix\" style=\"display:block; height:auto;\">\n\t\t\n<style>\n#gap-613716769 {\n  padding-top: 200px;\n}\n<\/style>\n\t<\/div>\n\t\n\n\t<section class=\"section\" id=\"section_899352993\">\n\t\t<div class=\"bg section-bg fill bg-fill  bg-loaded\" >\n\n\t\t\t\n\t\t\t\n\t\t\t\n\n\t\t<\/div>\n\n\t\t<div class=\"section-content relative\">\n\t\t\t\n\n<div class=\"row align-middle\"  id=\"row-776670245\">\n\n\n\t<div id=\"col-1886452567\" class=\"col medium-5 small-12 large-5\"  >\n\t\t<div class=\"col-inner\"  >\n\t\t\t\n\t\t\t\n\n\n  <div class=\"banner has-hover\" id=\"banner-695450878\">\n          <div class=\"banner-inner fill\">\n        <div class=\"banner-bg fill\" >\n            <div class=\"bg fill bg-fill \"><\/div>\n                                    \n                    <\/div>\n        <div class=\"banner-layers container\">\n            <div class=\"fill banner-link\"><\/div>            \n\n\n        <\/div>\n      <\/div>\n\n            \n<style>\n#banner-695450878 {\n  padding-top: 400px;\n}\n#banner-695450878 .bg.bg-loaded {\n  background-image: url(https:\/\/www.sadikogluastana.com\/wp-content\/uploads\/2022\/06\/mugla-milas-kaplankaya-6.png);\n}\n#banner-695450878 .bg {\n  background-position: 57% 72%;\n}\n@media (min-width:550px) {\n  #banner-695450878 {\n    padding-top: 600px;\n  }\n}\n<\/style>\n  <\/div>\n\n\n\n\t\t<\/div>\n\t\t\t<\/div>\n\n\t\n\n\t<div id=\"col-646219302\" class=\"col medium-7 small-12 large-7\"  >\n\t\t<div class=\"col-inner\"  >\n\t\t\t\n\t\t\t\n\n\t<div id=\"gap-1616783660\" class=\"gap-element clearfix\" style=\"display:block; height:auto;\">\n\t\t\n<style>\n#gap-1616783660 {\n  padding-top: 30px;\n}\n<\/style>\n\t<\/div>\n\t\n\n\t<div id=\"text-650676252\" class=\"text\">\n\t\t\n\n<h3>About us <\/h3>\n\t\t\n<style>\n#text-650676252 {\n  font-size: 2.5rem;\n  line-height: 0.75;\n}\n<\/style>\n\t<\/div>\n\t\n<p>\nSad\u0131ko\u011flu Astana Construction company was established in 1961. Sad\u0131ko\u011flu \u0130n\u015faat is an ancient family company. Managed by the third generation, the company has added a vision to the sector with the modern and luxurious settlements it has built.<\/p>\n<p>\nOur company has built many luxury residences in areas such as Ba\u011fdat Caddesi, Kad\u0131k\u00f6y, Izmit, Yalova and Bodrum for its construction activities. <\/p>\n<p>Combining its experience and vision from the past with new generation building elements and technologies, Sad\u0131ko\u011flu has always focused on first class material selection, high quality, luxury and comfort in the projects it undertakes.<\/p>\n<p>\nSadikoglu; has combined its values, principles, principles and policies with professionalism and experience. The company, which closely follows the trends in construction building systems, has built trust and stability in the eyes of its customers for years. Housing projects built within the framework of occupational safety standards have always stood out as structures that add value to living spaces.<\/p>\n<p>\nFounded in 1961, Sad\u0131ko\u011flu \u0130n\u015faat continues its activities under the title of \u201cSad\u0131ko\u011flu Astana \u0130n\u015faat\u201d with Turkish-Kazakh cooperation since 2015. Our company is taking firm steps towards the future in line with its mission and vision targets.<\/p>\n\t<div id=\"gap-294048236\" class=\"gap-element clearfix\" style=\"display:block; height:auto;\">\n\t\t\n<style>\n#gap-294048236 {\n  padding-top: 30px;\n}\n<\/style>\n\t<\/div>\n\t\n\n\t<div id=\"text-1647919857\" class=\"text hidden\">\n\t\t\n\n<blockquote>Ancak c\u00fcretkar kurgular bizi ileriye g\u00f6t\u00fcr\u00fcr, olgular\u0131n birikimi de\u011fil!<\/blockquote>\n\t\t\n<style>\n#text-1647919857 {\n  font-size: 1.3rem;\n  text-align: left;\n}\n<\/style>\n\t<\/div>\n\t\n<a href=\"\/iletisim\/\" target=\"_self\" class=\"button primary hidden\"  style=\"border-radius:5px;padding:6px 30px 6px 30px;\">\n    <span>Bize Ula\u015f\u0131n<\/span>\n  <\/a>\n\n\n\n\t\t<\/div>\n\t\t\n<style>\n#col-646219302 > .col-inner {\n  padding: 0px 1% 0px 1%;\n}\n@media (min-width:550px) {\n  #col-646219302 > .col-inner {\n    padding: 0px 2% 0px 2%;\n  }\n}\n@media (min-width:850px) {\n  #col-646219302 > .col-inner {\n    padding: 0px 0px 0px 10%;\n  }\n}\n<\/style>\n\t<\/div>\n\n\t\n\n<\/div>\n\n\t\t<\/div>\n\n\t\t\n<style>\n#section_899352993 {\n  padding-top: 30px;\n  padding-bottom: 30px;\n}\n<\/style>\n\t<\/section>\n\t\n\n","protected":false},"excerpt":{"rendered":"","protected":false},"author":1,"featured_media":605,"parent":0,"menu_order":0,"comment_status":"closed","ping_status":"closed","template":"page-transparent-header-light.php","meta":{"footnotes":""},"class_list":["post-955","page","type-page","status-publish","has-post-thumbnail","hentry"],"_links":{"self":[{"href":"https:\/\/www.sadikogluastana.com\/en\/wp-json\/wp\/v2\/pages\/955","targetHints":{"allow":["GET"]}}],"collection":[{"href":"https:\/\/www.sadikogluastana.com\/en\/wp-json\/wp\/v2\/pages"}],"about":[{"href":"https:\/\/www.sadikogluastana.com\/en\/wp-json\/wp\/v2\/types\/page"}],"author":[{"embeddable":true,"href":"https:\/\/www.sadikogluastana.com\/en\/wp-json\/wp\/v2\/users\/1"}],"replies":[{"embeddable":true,"href":"https:\/\/www.sadikogluastana.com\/en\/wp-json\/wp\/v2\/comments?post=955"}],"version-history":[{"count":12,"href":"https:\/\/www.sadikogluastana.com\/en\/wp-json\/wp\/v2\/pages\/955\/revisions"}],"predecessor-version":[{"id":1326,"href":"https:\/\/www.sadikogluastana.com\/en\/wp-json\/wp\/v2\/pages\/955\/revisions\/1326"}],"wp:featuredmedia":[{"embeddable":true,"href":"https:\/\/www.sadikogluastana.com\/en\/wp-json\/wp\/v2\/media\/605"}],"wp:attachment":[{"href":"https:\/\/www.sadikogluastana.com\/en\/wp-json\/wp\/v2\/media?parent=955"}],"curies":[{"name":"wp","href":"https:\/\/api.w.org\/{rel}","templated":true}]}}