{"id":912,"date":"2022-06-16T20:06:16","date_gmt":"2022-06-16T20:06:16","guid":{"rendered":"https:\/\/www.sadikogluastana.com\/?page_id=912"},"modified":"2025-10-10T14:10:03","modified_gmt":"2025-10-10T14:10:03","slug":"anasayfa","status":"publish","type":"page","link":"https:\/\/www.sadikogluastana.com\/en\/","title":{"rendered":"Anasayfa"},"content":{"rendered":"\n\t<div id=\"gap-433183599\" class=\"gap-element clearfix\" style=\"display:block; height:auto;\">\n\t\t\n<style>\n#gap-433183599 {\n  padding-top: 200px;\n}\n<\/style>\n\t<\/div>\n\t\n\n\t<div id=\"text-1229668481\" class=\"text hidden\">\n\t\t\n\n<blockquote>Ancak c\u00fcretkar kurgular bizi ileriye g\u00f6t\u00fcr\u00fcr, olgular\u0131n birikimi de\u011fil!<\/blockquote>\n\t\t\n<style>\n#text-1229668481 {\n  font-size: 1rem;\n  text-align: center;\n}\n<\/style>\n\t<\/div>\n\t\n<div class=\"slider-wrapper relative\" id=\"slider-162887224\" >\n    <div class=\"slider slider-nav-circle slider-nav-large slider-nav-light slider-style-container\"\n        data-flickity-options='{\n            \"cellAlign\": \"center\",\n            \"imagesLoaded\": true,\n            \"lazyLoad\": 1,\n            \"freeScroll\": false,\n            \"wrapAround\": true,\n            \"autoPlay\": 6000,\n            \"pauseAutoPlayOnHover\" : true,\n            \"prevNextButtons\": true,\n            \"contain\" : true,\n            \"adaptiveHeight\" : true,\n            \"dragThreshold\" : 10,\n            \"percentPosition\": true,\n            \"pageDots\": true,\n            \"rightToLeft\": false,\n            \"draggable\": true,\n            \"selectedAttraction\": 0.1,\n            \"parallax\" : 0,\n            \"friction\": 0.6        }'\n        >\n        \n\n\n  <div class=\"banner has-hover\" id=\"banner-1678012321\">\n          <div class=\"banner-inner fill\">\n        <div class=\"banner-bg fill\" >\n            <div class=\"bg fill bg-fill \"><\/div>\n                                    \n                    <\/div>\n        <div class=\"banner-layers container\">\n            <a class=\"fill\" href=\"https:\/\/www.sadikogluastana.com\/sadikoglu-devam-eden-projeler\/sadikoglu-erenkoy-square-residence\/\"  ><div class=\"fill banner-link\"><\/div><\/a>            \n\n   <div id=\"text-box-1482427034\" class=\"text-box banner-layer x100 md-x100 lg-x100 y100 md-y100 lg-y100 res-text\">\n                                <div class=\"text-box-content text \">\n              \n              <div class=\"text-inner text-right\">\n                  \n\n\t<div id=\"text-1061770761\" class=\"text\">\n\t\t\n\n<h3 class=\"uppercase\"><strong>SADIKO\u011eLU ERENK\u00d6Y SQUARE RES\u0130DENCE <\/strong><\/h3>\n<h5>ERENK\u00d6Y, \u0130STANBUL <\/h5>\n\t\t\n<style>\n#text-1061770761 {\n  text-align: right;\n  color: rgb(255,255,255);\n}\n#text-1061770761 > * {\n  color: rgb(255,255,255);\n}\n<\/style>\n\t<\/div>\n\t\n\n              <\/div>\n           <\/div>\n                            \n<style>\n#text-box-1482427034 .text-inner {\n  padding: 30px 30px 30px 30px;\n}\n#text-box-1482427034 {\n  width: 60%;\n}\n#text-box-1482427034 .text-box-content {\n  font-size: 83%;\n}\n@media (min-width:550px) {\n  #text-box-1482427034 {\n    width: 29%;\n  }\n}\n<\/style>\n    <\/div>\n \n\n        <\/div>\n      <\/div>\n\n            \n<style>\n#banner-1678012321 {\n  padding-top: 800px;\n}\n#banner-1678012321 .bg.bg-loaded {\n  background-image: url(https:\/\/www.sadikogluastana.com\/wp-content\/uploads\/2025\/05\/sadikoglu-erenkoy-square-residence-1.jpg);\n}\n#banner-1678012321 .bg {\n  background-position: 50% 45%;\n}\n<\/style>\n  <\/div>\n\n\n\n  <div class=\"banner has-hover\" id=\"banner-804419480\">\n          <div class=\"banner-inner fill\">\n        <div class=\"banner-bg fill\" >\n            <div class=\"bg fill bg-fill \"><\/div>\n                                    \n                    <\/div>\n        <div class=\"banner-layers container\">\n            <a class=\"fill\" href=\"https:\/\/www.sadikogluastana.com\/en\/sadikoglu-ongoing-projects\/mugla-milas-kaplankaya-villa-houses-project\/\"  ><div class=\"fill banner-link\"><\/div><\/a>            \n\n   <div id=\"text-box-2060987210\" class=\"text-box banner-layer x100 md-x100 lg-x100 y100 md-y100 lg-y100 res-text\">\n                                <div class=\"text-box-content text \">\n              \n              <div class=\"text-inner text-right\">\n                  \n\n\t<div id=\"text-2928645452\" class=\"text\">\n\t\t\n\n<h3 class=\"uppercase\"><strong>KAPLANKAYA VILLA HOUSES PROJECT <\/strong><\/h3>\n<h5>MUGLA, MILAS <\/h5>\n\t\t\n<style>\n#text-2928645452 {\n  text-align: right;\n  color: rgb(255,255,255);\n}\n#text-2928645452 > * {\n  color: rgb(255,255,255);\n}\n<\/style>\n\t<\/div>\n\t\n\n              <\/div>\n           <\/div>\n                            \n<style>\n#text-box-2060987210 .text-inner {\n  padding: 30px 30px 30px 30px;\n}\n#text-box-2060987210 {\n  width: 60%;\n}\n#text-box-2060987210 .text-box-content {\n  font-size: 83%;\n}\n@media (min-width:550px) {\n  #text-box-2060987210 {\n    width: 29%;\n  }\n}\n<\/style>\n    <\/div>\n \n\n        <\/div>\n      <\/div>\n\n            \n<style>\n#banner-804419480 {\n  padding-top: 800px;\n}\n#banner-804419480 .bg.bg-loaded {\n  background-image: url(https:\/\/www.sadikogluastana.com\/wp-content\/uploads\/2022\/10\/2022-10-18-Kaplankaya-site-render-North-view-1.jpg);\n}\n#banner-804419480 .bg {\n  background-position: 50% 45%;\n}\n<\/style>\n  <\/div>\n\n\n\n  <div class=\"banner has-hover\" id=\"banner-294458415\">\n          <div class=\"banner-inner fill\">\n        <div class=\"banner-bg fill\" >\n            <div class=\"bg fill bg-fill \"><\/div>\n                                    \n                    <\/div>\n        <div class=\"banner-layers container\">\n            <a class=\"fill\" href=\"https:\/\/www.sadikogluastana.com\/en\/sadikoglu-ongoing-projects\/sadikoglu-erenkoy-gunaltay-residence\/\"  ><div class=\"fill banner-link\"><\/div><\/a>            \n\n   <div id=\"text-box-2043223896\" class=\"text-box banner-layer x100 md-x100 lg-x100 y100 md-y100 lg-y100 res-text\">\n                                <div class=\"text-box-content text box-shadow-3\">\n              \n              <div class=\"text-inner text-center\">\n                  \n\n\t<div id=\"text-2169582086\" class=\"text\">\n\t\t\n\n<h3 class=\"uppercase\"><strong>G\u00dcNALTAY RES\u0130DENCE <\/strong><\/h3>\n<h5>ERENK\u00d6Y, \u0130STANBUL <\/h5>\n\t\t\n<style>\n#text-2169582086 {\n  text-align: right;\n  color: rgb(255, 255, 255);\n}\n#text-2169582086 > * {\n  color: rgb(255, 255, 255);\n}\n<\/style>\n\t<\/div>\n\t\n<a href=\"https:\/\/www.sadikogluastana.com\/sadikoglu-tamamlanan-projeler\/kiziltoprak-khalkedon-evleri%cc%87-2016\/\" target=\"_self\" class=\"button primary is-outline hidden\"  >\n    <span>Projeyi \u0130ncele<\/span>\n  <\/a>\n\n\n<a href=\"\/projeler-home\/\" target=\"_self\" class=\"button primary hidden\"  >\n    <span>T\u00fcm Projeler<\/span>\n  <\/a>\n\n\n\n              <\/div>\n           <\/div>\n                            \n<style>\n#text-box-2043223896 .text-inner {\n  padding: 30px 30px 30px 30px;\n}\n#text-box-2043223896 {\n  width: 60%;\n}\n#text-box-2043223896 .text-box-content {\n  font-size: 82%;\n}\n@media (min-width:550px) {\n  #text-box-2043223896 {\n    width: 39%;\n  }\n}\n<\/style>\n    <\/div>\n \n\n        <\/div>\n      <\/div>\n\n            \n<style>\n#banner-294458415 {\n  padding-top: 800px;\n}\n#banner-294458415 .bg.bg-loaded {\n  background-image: url(https:\/\/www.sadikogluastana.com\/wp-content\/uploads\/2025\/10\/sadikoglu-erenkoy-gunaltay-residence-slider.jpg);\n}\n#banner-294458415 .bg {\n  background-position: 43% 91%;\n}\n<\/style>\n  <\/div>\n\n\n\n     <\/div>\n\n     <div class=\"loading-spin dark large centered\"><\/div>\n\n     <\/div>\n\n\n\t<div id=\"gap-577694461\" class=\"gap-element clearfix hide-for-small\" style=\"display:block; height:auto;\">\n\t\t\n<style>\n#gap-577694461 {\n  padding-top: 100px;\n}\n<\/style>\n\t<\/div>\n\t\n\n\n","protected":false},"excerpt":{"rendered":"","protected":false},"author":1,"featured_media":605,"parent":0,"menu_order":1,"comment_status":"closed","ping_status":"closed","template":"page-transparent-header-light.php","meta":{"footnotes":""},"class_list":["post-912","page","type-page","status-publish","has-post-thumbnail","hentry"],"_links":{"self":[{"href":"https:\/\/www.sadikogluastana.com\/en\/wp-json\/wp\/v2\/pages\/912","targetHints":{"allow":["GET"]}}],"collection":[{"href":"https:\/\/www.sadikogluastana.com\/en\/wp-json\/wp\/v2\/pages"}],"about":[{"href":"https:\/\/www.sadikogluastana.com\/en\/wp-json\/wp\/v2\/types\/page"}],"author":[{"embeddable":true,"href":"https:\/\/www.sadikogluastana.com\/en\/wp-json\/wp\/v2\/users\/1"}],"replies":[{"embeddable":true,"href":"https:\/\/www.sadikogluastana.com\/en\/wp-json\/wp\/v2\/comments?post=912"}],"version-history":[{"count":27,"href":"https:\/\/www.sadikogluastana.com\/en\/wp-json\/wp\/v2\/pages\/912\/revisions"}],"predecessor-version":[{"id":1636,"href":"https:\/\/www.sadikogluastana.com\/en\/wp-json\/wp\/v2\/pages\/912\/revisions\/1636"}],"wp:featuredmedia":[{"embeddable":true,"href":"https:\/\/www.sadikogluastana.com\/en\/wp-json\/wp\/v2\/media\/605"}],"wp:attachment":[{"href":"https:\/\/www.sadikogluastana.com\/en\/wp-json\/wp\/v2\/media?parent=912"}],"curies":[{"name":"wp","href":"https:\/\/api.w.org\/{rel}","templated":true}]}}