{"id":1361,"date":"2022-06-27T20:42:16","date_gmt":"2022-06-27T20:42:16","guid":{"rendered":"https:\/\/www.sadikogluastana.com\/?page_id=1361"},"modified":"2022-06-29T14:47:55","modified_gmt":"2022-06-29T14:47:55","slug":"hr","status":"publish","type":"page","link":"https:\/\/www.sadikogluastana.com\/en\/hr\/","title":{"rendered":"HR"},"content":{"rendered":"\n\t<div id=\"gap-1119746312\" class=\"gap-element clearfix\" style=\"display:block; height:auto;\">\n\t\t\n<style>\n#gap-1119746312 {\n  padding-top: 200px;\n}\n<\/style>\n\t<\/div>\n\t\n\n\t<section class=\"section\" id=\"section_321253217\">\n\t\t<div class=\"bg section-bg fill bg-fill  bg-loaded\" >\n\n\t\t\t\n\t\t\t\n\t\t\t\n\n\t\t<\/div>\n\n\t\t<div class=\"section-content relative\">\n\t\t\t\n\n<div class=\"row align-middle\"  id=\"row-1554036447\">\n\n\n\t<div id=\"col-27136469\" class=\"col medium-5 small-12 large-5\"  >\n\t\t<div class=\"col-inner\"  >\n\t\t\t\n\t\t\t\n\n\n  <div class=\"banner has-hover\" id=\"banner-1160285594\">\n          <div class=\"banner-inner fill\">\n        <div class=\"banner-bg fill\" >\n            <div class=\"bg fill bg-fill \"><\/div>\n                                    \n                    <\/div>\n        <div class=\"banner-layers container\">\n            <div class=\"fill banner-link\"><\/div>            \n\n\n        <\/div>\n      <\/div>\n\n            \n<style>\n#banner-1160285594 {\n  padding-top: 400px;\n}\n#banner-1160285594 .bg.bg-loaded {\n  background-image: url(https:\/\/www.sadikogluastana.com\/wp-content\/uploads\/2022\/06\/aerial-view-business-team.jpg);\n}\n#banner-1160285594 .bg {\n  background-position: 42% 47%;\n}\n@media (min-width:550px) {\n  #banner-1160285594 {\n    padding-top: 600px;\n  }\n}\n<\/style>\n  <\/div>\n\n\n\n\t\t<\/div>\n\t\t\t<\/div>\n\n\t\n\n\t<div id=\"col-1474431701\" class=\"col medium-7 small-12 large-7\"  >\n\t\t<div class=\"col-inner\"  >\n\t\t\t\n\t\t\t\n\n\t<div id=\"gap-976756480\" class=\"gap-element clearfix\" style=\"display:block; height:auto;\">\n\t\t\n<style>\n#gap-976756480 {\n  padding-top: 30px;\n}\n<\/style>\n\t<\/div>\n\t\n\n\t<div id=\"text-856028246\" class=\"text\">\n\t\t\n\n<h3>Human Resources <\/h3>\n\t\t\n<style>\n#text-856028246 {\n  font-size: 2.5rem;\n  line-height: 0.75;\n}\n<\/style>\n\t<\/div>\n\t\n\t<div id=\"gap-871478348\" class=\"gap-element clearfix\" style=\"display:block; height:auto;\">\n\t\t\n<style>\n#gap-871478348 {\n  padding-top: 30px;\n}\n<\/style>\n\t<\/div>\n\t\n\n<p>Sad\u0131ko\u011flu Astana \u0130n\u015faat Human Resources department aims to provide qualified workforce in today&#8217;s competitive environment.\n<\/p>\n\n\n\n<p>We act with justice, equity and human-oriented principles. We provide a family environment to our employees, to whom we offer equal job opportunities.<\/p><p>\nIn this framework, we have designed our business processes in a structure that complies with occupational safety standards, social security laws and human resources legislation.<\/p><p>\nOur organizational structure provides an important roadmap for our staff to adapt quickly to our business plans.<\/p><p>\nOur corporate principles ensure that we are ready for the formations of today and the future. In this way, we can develop dynamic processes.<\/p>\n\n\n<p>\nOur corporate HR principles are as follows;<\/p>\n\n<ul>\n<li>Fair job opportunities<\/li>\n<li>Transparent business approach<\/li>\n<li>Effective business management<\/li>\n<li>Continuing education<\/li>\n<li>Innovative perspective<\/li>\n<li>Compliance with technology<\/li>\n<li>Customer focus<\/li>\n<li>Love and respect <\/li>\n\n<\/ul>\n<p>If you want to take part in our business processes based on our social and corporate values \u200b\u200band in our family, you can fill in the Job Application Form or send an e-mail for the positions that suit you!<\/p>\n<a href=\"\/iletisim\/\" target=\"_self\" class=\"button primary hidden\"  style=\"border-radius:5px;padding:6px 30px 6px 30px;\">\n    <span>Bize Ula\u015f\u0131n<\/span>\n  <\/a>\n\n\n\n\t\t<\/div>\n\t\t\n<style>\n#col-1474431701 > .col-inner {\n  padding: 0px 1% 0px 1%;\n}\n@media (min-width:550px) {\n  #col-1474431701 > .col-inner {\n    padding: 0px 2% 0px 2%;\n  }\n}\n@media (min-width:850px) {\n  #col-1474431701 > .col-inner {\n    padding: 0px 0px 0px 10%;\n  }\n}\n<\/style>\n\t<\/div>\n\n\t\n\n<\/div>\n\n\t\t<\/div>\n\n\t\t\n<style>\n#section_321253217 {\n  padding-top: 30px;\n  padding-bottom: 30px;\n}\n<\/style>\n\t<\/section>\n\t\n\t<section class=\"section\" id=\"section_366163046\">\n\t\t<div class=\"bg section-bg fill bg-fill  bg-loaded\" >\n\n\t\t\t\n\t\t\t\n\t\t\t\n\n\t\t<\/div>\n\n\t\t<div class=\"section-content relative\">\n\t\t\t\n\n<div class=\"row align-middle\"  id=\"row-1411974875\">\n\n\n\t<div id=\"col-609188335\" class=\"col medium-7 small-12 large-12\"  >\n\t\t<div class=\"col-inner\"  >\n\t\t\t\n\t\t\t\n\n\t<div id=\"gap-913820180\" class=\"gap-element clearfix\" style=\"display:block; height:auto;\">\n\t\t\n<style>\n#gap-913820180 {\n  padding-top: 30px;\n}\n<\/style>\n\t<\/div>\n\t\n\n\t<div id=\"text-3058722204\" class=\"text\">\n\t\t\n\n<h3>Application Form <\/h3>\n\t\t\n<style>\n#text-3058722204 {\n  font-size: 2.5rem;\n  line-height: 0.75;\n}\n<\/style>\n\t<\/div>\n\t\n\t<div id=\"gap-1893884475\" class=\"gap-element clearfix\" style=\"display:block; height:auto;\">\n\t\t\n<style>\n#gap-1893884475 {\n  padding-top: 30px;\n}\n<\/style>\n\t<\/div>\n\t\n\n<a href=\"\/iletisim\/\" target=\"_self\" class=\"button primary hidden\"  style=\"border-radius:5px;padding:6px 30px 6px 30px;\">\n    <span>Bize Ula\u015f\u0131n<\/span>\n  <\/a>\n\n\n\n<div class=\"wpcf7 no-js\" id=\"wpcf7-f1359-o1\" lang=\"tr-TR\" dir=\"ltr\" data-wpcf7-id=\"1359\">\n<div class=\"screen-reader-response\"><p role=\"status\" aria-live=\"polite\" aria-atomic=\"true\"><\/p> <ul><\/ul><\/div>\n<form action=\"\/en\/wp-json\/wp\/v2\/pages\/1361#wpcf7-f1359-o1\" method=\"post\" class=\"wpcf7-form init\" aria-label=\"\u0130leti\u015fim Formu\" enctype=\"multipart\/form-data\" novalidate=\"novalidate\" data-status=\"init\">\n<fieldset class=\"hidden-fields-container\"><input type=\"hidden\" name=\"_wpcf7\" value=\"1359\" \/><input type=\"hidden\" name=\"_wpcf7_version\" value=\"6.1.5\" \/><input type=\"hidden\" name=\"_wpcf7_locale\" value=\"tr_TR\" \/><input type=\"hidden\" name=\"_wpcf7_unit_tag\" value=\"wpcf7-f1359-o1\" \/><input type=\"hidden\" name=\"_wpcf7_container_post\" value=\"0\" \/><input type=\"hidden\" name=\"_wpcf7_posted_data_hash\" value=\"\" \/>\n<\/fieldset>\n<p><label> Name,Surname<br \/>\n<span class=\"wpcf7-form-control-wrap\" data-name=\"your-name\"><input size=\"40\" maxlength=\"400\" class=\"wpcf7-form-control wpcf7-text wpcf7-validates-as-required\" aria-required=\"true\" aria-invalid=\"false\" value=\"\" type=\"text\" name=\"your-name\" \/><\/span> <\/label>\n<\/p>\n<p><label> E-mail address<br \/>\n<span class=\"wpcf7-form-control-wrap\" data-name=\"your-email\"><input size=\"40\" maxlength=\"400\" class=\"wpcf7-form-control wpcf7-email wpcf7-validates-as-required wpcf7-text wpcf7-validates-as-email\" aria-required=\"true\" aria-invalid=\"false\" value=\"\" type=\"email\" name=\"your-email\" \/><\/span> <\/label>\n<\/p>\n<p><label> Phone<br \/>\n<span class=\"wpcf7-form-control-wrap\" data-name=\"tel-279\"><input size=\"40\" maxlength=\"400\" class=\"wpcf7-form-control wpcf7-tel wpcf7-validates-as-required wpcf7-text wpcf7-validates-as-tel\" aria-required=\"true\" aria-invalid=\"false\" value=\"\" type=\"tel\" name=\"tel-279\" \/><\/span> <\/label>\n<\/p>\n<p><label> Message<br \/>\n<span class=\"wpcf7-form-control-wrap\" data-name=\"your-message\"><textarea cols=\"40\" rows=\"10\" maxlength=\"2000\" class=\"wpcf7-form-control wpcf7-textarea\" aria-invalid=\"false\" name=\"your-message\"><\/textarea><\/span> <\/label>\n<\/p>\n<p><label> CV* <span class=\"wpcf7-form-control-wrap\" data-name=\"file-369\"><input size=\"40\" class=\"wpcf7-form-control wpcf7-file wpcf7-validates-as-required\" accept=\".pdf,.doc,.docx\" aria-required=\"true\" aria-invalid=\"false\" type=\"file\" name=\"file-369\" \/><\/span><br \/>\n<\/label>\n<\/p>\n<p><input class=\"wpcf7-form-control wpcf7-submit has-spinner\" type=\"submit\" value=\"SEND\" \/>\n<\/p><div class=\"wpcf7-response-output\" aria-hidden=\"true\"><\/div>\n<\/form>\n<\/div>\n\n\n\n\t\t<\/div>\n\t\t\n<style>\n#col-609188335 > .col-inner {\n  padding: 0px 1% 0px 1%;\n}\n@media (min-width:550px) {\n  #col-609188335 > .col-inner {\n    padding: 0px 2% 0px 2%;\n  }\n}\n@media (min-width:850px) {\n  #col-609188335 > .col-inner {\n    padding: 0px 0px 0px 10%;\n  }\n}\n<\/style>\n\t<\/div>\n\n\t\n\n<\/div>\n\n\t\t<\/div>\n\n\t\t\n<style>\n#section_366163046 {\n  padding-top: 30px;\n  padding-bottom: 30px;\n}\n<\/style>\n\t<\/section>\n\t\n\n","protected":false},"excerpt":{"rendered":"","protected":false},"author":1,"featured_media":605,"parent":0,"menu_order":0,"comment_status":"closed","ping_status":"closed","template":"page-transparent-header-light.php","meta":{"footnotes":""},"class_list":["post-1361","page","type-page","status-publish","has-post-thumbnail","hentry"],"_links":{"self":[{"href":"https:\/\/www.sadikogluastana.com\/en\/wp-json\/wp\/v2\/pages\/1361","targetHints":{"allow":["GET"]}}],"collection":[{"href":"https:\/\/www.sadikogluastana.com\/en\/wp-json\/wp\/v2\/pages"}],"about":[{"href":"https:\/\/www.sadikogluastana.com\/en\/wp-json\/wp\/v2\/types\/page"}],"author":[{"embeddable":true,"href":"https:\/\/www.sadikogluastana.com\/en\/wp-json\/wp\/v2\/users\/1"}],"replies":[{"embeddable":true,"href":"https:\/\/www.sadikogluastana.com\/en\/wp-json\/wp\/v2\/comments?post=1361"}],"version-history":[{"count":7,"href":"https:\/\/www.sadikogluastana.com\/en\/wp-json\/wp\/v2\/pages\/1361\/revisions"}],"predecessor-version":[{"id":1405,"href":"https:\/\/www.sadikogluastana.com\/en\/wp-json\/wp\/v2\/pages\/1361\/revisions\/1405"}],"wp:featuredmedia":[{"embeddable":true,"href":"https:\/\/www.sadikogluastana.com\/en\/wp-json\/wp\/v2\/media\/605"}],"wp:attachment":[{"href":"https:\/\/www.sadikogluastana.com\/en\/wp-json\/wp\/v2\/media?parent=1361"}],"curies":[{"name":"wp","href":"https:\/\/api.w.org\/{rel}","templated":true}]}}